{"id":2441,"date":"2020-03-06T10:03:03","date_gmt":"2020-03-06T10:03:03","guid":{"rendered":"http:\/\/wpdemo.archiwp.com\/engitech\/?page_id=2441"},"modified":"2023-04-05T17:57:21","modified_gmt":"2023-04-05T17:57:21","slug":"portfolio-full-width","status":"publish","type":"page","link":"https:\/\/nokautedigital.com.br\/site\/portfolio-full-width\/","title":{"rendered":"Portf\u00f3lio"},"content":{"rendered":"\t\t<div data-elementor-type=\"wp-page\" data-elementor-id=\"2441\" class=\"elementor elementor-2441\">\n\t\t\t\t<div class=\"elementor-element elementor-element-5d1bcbd e-con-full e-flex e-con e-parent\" data-id=\"5d1bcbd\" data-element_type=\"container\">\n\t\t<div class=\"elementor-element elementor-element-60508dc e-con-full e-flex e-con e-child\" data-id=\"60508dc\" data-element_type=\"container\">\n\t\t\t\t<div class=\"elementor-element elementor-element-eb43e93 elementor-widget__width-inherit elementor-widget elementor-widget-text-editor\" data-id=\"eb43e93\" data-element_type=\"widget\" data-widget_type=\"text-editor.default\">\n\t\t\t\t<div class=\"elementor-widget-container\">\n\t\t\t\t\t\t\t<p>Experi\u00eancia\u00a0<\/p>\t\t\t\t\t\t<\/div>\n\t\t\t\t<\/div>\n\t\t\t\t<\/div>\n\t\t<div class=\"elementor-element elementor-element-2711578 e-con-full e-flex e-con e-child\" data-id=\"2711578\" data-element_type=\"container\">\n\t\t\t\t<div class=\"elementor-element elementor-element-f0ab0cf elementor-widget elementor-widget-heading\" data-id=\"f0ab0cf\" data-element_type=\"widget\" data-widget_type=\"heading.default\">\n\t\t\t\t<div class=\"elementor-widget-container\">\n\t\t\t<h2 class=\"elementor-heading-title elementor-size-default\">Portf\u00f3lio<\/h2>\t\t<\/div>\n\t\t\t\t<\/div>\n\t\t\t\t<div class=\"elementor-element elementor-element-70d9650 elementor-widget elementor-widget-text-editor\" data-id=\"70d9650\" data-element_type=\"widget\" data-widget_type=\"text-editor.default\">\n\t\t\t\t<div class=\"elementor-widget-container\">\n\t\t\t\t\t\t\t<p>Confira aqui todos os projetos de comunica\u00e7\u00e3o promocional e institucional, realizados com nossos clientes.<br \/>Nosso diferencial? Fazer com que sua marca seja lembrada!<\/p>\t\t\t\t\t\t<\/div>\n\t\t\t\t<\/div>\n\t\t\t\t<div class=\"elementor-element elementor-element-97f9224 elementor-widget elementor-widget-ipfilter\" data-id=\"97f9224\" data-element_type=\"widget\" data-widget_type=\"ipfilter.default\">\n\t\t\t\t<div class=\"elementor-widget-container\">\n\t\t\t\r\n\t\t<div class=\"project-filter-wrapper\">\r\n\t                \t\t<ul class=\"project_filters\">\r\n        \t\t\t        \t\t\t \t<li><a href=\"#\" data-filter=\"*\" class=\"selected\">Todos os Projetos<\/a><\/li>\r\n        \t\t\t\t                \t                    <li><a href='#' data-filter='.category-14'>Banners HTML<\/a><\/li>\t                    \r\n\t                \t                    <li><a href='#' data-filter='.category-15'>Est\u00e1ticos<\/a><\/li>\t                    \r\n\t                \t                    <li><a href='#' data-filter='.category-16'>Motion<\/a><\/li>\t                    \r\n\t                \t\t\t\t<\/ul>\r\n\t        \r\n\t        <div class=\"projects-grid projects-style-1 pf_4_cols\">\r\n\t        \t\r\n\t            \r\n\t            \t<div class=\"project-item category-14 \">\r\n\t\t\t\t\t\t<div class=\"projects-box\">\r\n\t\t\t\t\t\t\t<div class=\"projects-thumbnail\">\r\n\t\t\t\t\t\t\t\t<a href=\"https:\/\/nokautedigital.com.br\/site\/portfolio\/ministerio-da-saude-cuida-brasil-2022\/\">\r\n\t\t\t\t\t\t\t\t\t<img fetchpriority=\"high\" decoding=\"async\" width=\"600\" height=\"600\" src=\"https:\/\/nokautedigital.com.br\/site\/wp-content\/uploads\/2023\/04\/17-capa-min-saude.jpg\" class=\"attachment-engitech-portfolio-thumbnail-grid size-engitech-portfolio-thumbnail-grid wp-post-image\" alt=\"\" srcset=\"https:\/\/nokautedigital.com.br\/site\/wp-content\/uploads\/2023\/04\/17-capa-min-saude.jpg 600w, https:\/\/nokautedigital.com.br\/site\/wp-content\/uploads\/2023\/04\/17-capa-min-saude-300x300.jpg 300w, https:\/\/nokautedigital.com.br\/site\/wp-content\/uploads\/2023\/04\/17-capa-min-saude-150x150.jpg 150w\" sizes=\"(max-width: 600px) 100vw, 600px\" \/>\t\t\t\t\t\t\t\t<\/a>\r\n\t\t\t\t\t\t\t<\/div>\r\n\t\t\t\t\t\t\t<div class=\"portfolio-info \">\r\n\t\t\t\t\t\t\t\t<a class=\"overlay\" href=\"https:\/\/nokautedigital.com.br\/site\/portfolio\/ministerio-da-saude-cuida-brasil-2022\/\"><\/a>\t\t\t\t\t\t\t\t<div class=\"portfolio-info-inner\">\r\n\t\t\t\t\t\t\t\t\t<h5><a href=\"https:\/\/nokautedigital.com.br\/site\/portfolio\/ministerio-da-saude-cuida-brasil-2022\/\">Minist\u00e9rio da Sa\u00fade &#8211; Cuida Brasil 2022<\/a><\/h5>\r\n\t\t\t\t\t\t\t\t\t<p class=\"portfolio-cates\"><a href=\"https:\/\/nokautedigital.com.br\/site\/portfolio-category\/banners\/\">Banners HTML<\/a><span>\/<\/span><\/p> \r\n\t\t\t\t\t\t\t\t<\/div>\r\n\t\t\t\t\t\t\t<\/div>\r\n\t\t\t\t\t\t<\/div>\r\n\t\t\t\t\t<\/div>\r\n\r\n\t            \r\n\t            \t<div class=\"project-item category-14 \">\r\n\t\t\t\t\t\t<div class=\"projects-box\">\r\n\t\t\t\t\t\t\t<div class=\"projects-thumbnail\">\r\n\t\t\t\t\t\t\t\t<a href=\"https:\/\/nokautedigital.com.br\/site\/portfolio\/apex-25-anos\/\">\r\n\t\t\t\t\t\t\t\t\t<img decoding=\"async\" width=\"600\" height=\"600\" src=\"https:\/\/nokautedigital.com.br\/site\/wp-content\/uploads\/2023\/04\/16-capa-apex.jpg\" class=\"attachment-engitech-portfolio-thumbnail-grid size-engitech-portfolio-thumbnail-grid wp-post-image\" alt=\"\" srcset=\"https:\/\/nokautedigital.com.br\/site\/wp-content\/uploads\/2023\/04\/16-capa-apex.jpg 600w, https:\/\/nokautedigital.com.br\/site\/wp-content\/uploads\/2023\/04\/16-capa-apex-300x300.jpg 300w, https:\/\/nokautedigital.com.br\/site\/wp-content\/uploads\/2023\/04\/16-capa-apex-150x150.jpg 150w\" sizes=\"(max-width: 600px) 100vw, 600px\" \/>\t\t\t\t\t\t\t\t<\/a>\r\n\t\t\t\t\t\t\t<\/div>\r\n\t\t\t\t\t\t\t<div class=\"portfolio-info \">\r\n\t\t\t\t\t\t\t\t<a class=\"overlay\" href=\"https:\/\/nokautedigital.com.br\/site\/portfolio\/apex-25-anos\/\"><\/a>\t\t\t\t\t\t\t\t<div class=\"portfolio-info-inner\">\r\n\t\t\t\t\t\t\t\t\t<h5><a href=\"https:\/\/nokautedigital.com.br\/site\/portfolio\/apex-25-anos\/\">APEX &#8211; 25 anos<\/a><\/h5>\r\n\t\t\t\t\t\t\t\t\t<p class=\"portfolio-cates\"><a href=\"https:\/\/nokautedigital.com.br\/site\/portfolio-category\/banners\/\">Banners HTML<\/a><span>\/<\/span><\/p> \r\n\t\t\t\t\t\t\t\t<\/div>\r\n\t\t\t\t\t\t\t<\/div>\r\n\t\t\t\t\t\t<\/div>\r\n\t\t\t\t\t<\/div>\r\n\r\n\t            \r\n\t            \t<div class=\"project-item category-14 \">\r\n\t\t\t\t\t\t<div class=\"projects-box\">\r\n\t\t\t\t\t\t\t<div class=\"projects-thumbnail\">\r\n\t\t\t\t\t\t\t\t<a href=\"https:\/\/nokautedigital.com.br\/site\/portfolio\/ministerio-da-saude-combate-ao-mosquito\/\">\r\n\t\t\t\t\t\t\t\t\t<img decoding=\"async\" width=\"600\" height=\"600\" src=\"https:\/\/nokautedigital.com.br\/site\/wp-content\/uploads\/2023\/04\/15-capa-min-saude.jpg\" class=\"attachment-engitech-portfolio-thumbnail-grid size-engitech-portfolio-thumbnail-grid wp-post-image\" alt=\"\" srcset=\"https:\/\/nokautedigital.com.br\/site\/wp-content\/uploads\/2023\/04\/15-capa-min-saude.jpg 600w, https:\/\/nokautedigital.com.br\/site\/wp-content\/uploads\/2023\/04\/15-capa-min-saude-300x300.jpg 300w, https:\/\/nokautedigital.com.br\/site\/wp-content\/uploads\/2023\/04\/15-capa-min-saude-150x150.jpg 150w\" sizes=\"(max-width: 600px) 100vw, 600px\" \/>\t\t\t\t\t\t\t\t<\/a>\r\n\t\t\t\t\t\t\t<\/div>\r\n\t\t\t\t\t\t\t<div class=\"portfolio-info \">\r\n\t\t\t\t\t\t\t\t<a class=\"overlay\" href=\"https:\/\/nokautedigital.com.br\/site\/portfolio\/ministerio-da-saude-combate-ao-mosquito\/\"><\/a>\t\t\t\t\t\t\t\t<div class=\"portfolio-info-inner\">\r\n\t\t\t\t\t\t\t\t\t<h5><a href=\"https:\/\/nokautedigital.com.br\/site\/portfolio\/ministerio-da-saude-combate-ao-mosquito\/\">Minist\u00e9rio da Sa\u00fade &#8211; Combate ao Mosquito<\/a><\/h5>\r\n\t\t\t\t\t\t\t\t\t<p class=\"portfolio-cates\"><a href=\"https:\/\/nokautedigital.com.br\/site\/portfolio-category\/banners\/\">Banners HTML<\/a><span>\/<\/span><\/p> \r\n\t\t\t\t\t\t\t\t<\/div>\r\n\t\t\t\t\t\t\t<\/div>\r\n\t\t\t\t\t\t<\/div>\r\n\t\t\t\t\t<\/div>\r\n\r\n\t            \r\n\t            \t<div class=\"project-item category-14 \">\r\n\t\t\t\t\t\t<div class=\"projects-box\">\r\n\t\t\t\t\t\t\t<div class=\"projects-thumbnail\">\r\n\t\t\t\t\t\t\t\t<a href=\"https:\/\/nokautedigital.com.br\/site\/portfolio\/ministerio-da-saude-vacinacao-covid-19-reforco\/\">\r\n\t\t\t\t\t\t\t\t\t<img loading=\"lazy\" decoding=\"async\" width=\"600\" height=\"600\" src=\"https:\/\/nokautedigital.com.br\/site\/wp-content\/uploads\/2023\/04\/14-capa-min-saude.jpg\" class=\"attachment-engitech-portfolio-thumbnail-grid size-engitech-portfolio-thumbnail-grid wp-post-image\" alt=\"\" srcset=\"https:\/\/nokautedigital.com.br\/site\/wp-content\/uploads\/2023\/04\/14-capa-min-saude.jpg 600w, https:\/\/nokautedigital.com.br\/site\/wp-content\/uploads\/2023\/04\/14-capa-min-saude-300x300.jpg 300w, https:\/\/nokautedigital.com.br\/site\/wp-content\/uploads\/2023\/04\/14-capa-min-saude-150x150.jpg 150w\" sizes=\"(max-width: 600px) 100vw, 600px\" \/>\t\t\t\t\t\t\t\t<\/a>\r\n\t\t\t\t\t\t\t<\/div>\r\n\t\t\t\t\t\t\t<div class=\"portfolio-info \">\r\n\t\t\t\t\t\t\t\t<a class=\"overlay\" href=\"https:\/\/nokautedigital.com.br\/site\/portfolio\/ministerio-da-saude-vacinacao-covid-19-reforco\/\"><\/a>\t\t\t\t\t\t\t\t<div class=\"portfolio-info-inner\">\r\n\t\t\t\t\t\t\t\t\t<h5><a href=\"https:\/\/nokautedigital.com.br\/site\/portfolio\/ministerio-da-saude-vacinacao-covid-19-reforco\/\">Minist\u00e9rio da Sa\u00fade &#8211; Vacina\u00e7\u00e3o Covid-19 Refor\u00e7o<\/a><\/h5>\r\n\t\t\t\t\t\t\t\t\t<p class=\"portfolio-cates\"><a href=\"https:\/\/nokautedigital.com.br\/site\/portfolio-category\/banners\/\">Banners HTML<\/a><span>\/<\/span><\/p> \r\n\t\t\t\t\t\t\t\t<\/div>\r\n\t\t\t\t\t\t\t<\/div>\r\n\t\t\t\t\t\t<\/div>\r\n\t\t\t\t\t<\/div>\r\n\r\n\t            \r\n\t            \t<div class=\"project-item category-14 \">\r\n\t\t\t\t\t\t<div class=\"projects-box\">\r\n\t\t\t\t\t\t\t<div class=\"projects-thumbnail\">\r\n\t\t\t\t\t\t\t\t<a href=\"https:\/\/nokautedigital.com.br\/site\/portfolio\/apex-institucional-londres\/\">\r\n\t\t\t\t\t\t\t\t\t<img loading=\"lazy\" decoding=\"async\" width=\"600\" height=\"600\" src=\"https:\/\/nokautedigital.com.br\/site\/wp-content\/uploads\/2023\/04\/13-capa-apex.jpg\" class=\"attachment-engitech-portfolio-thumbnail-grid size-engitech-portfolio-thumbnail-grid wp-post-image\" alt=\"\" srcset=\"https:\/\/nokautedigital.com.br\/site\/wp-content\/uploads\/2023\/04\/13-capa-apex.jpg 600w, https:\/\/nokautedigital.com.br\/site\/wp-content\/uploads\/2023\/04\/13-capa-apex-300x300.jpg 300w, https:\/\/nokautedigital.com.br\/site\/wp-content\/uploads\/2023\/04\/13-capa-apex-150x150.jpg 150w\" sizes=\"(max-width: 600px) 100vw, 600px\" \/>\t\t\t\t\t\t\t\t<\/a>\r\n\t\t\t\t\t\t\t<\/div>\r\n\t\t\t\t\t\t\t<div class=\"portfolio-info \">\r\n\t\t\t\t\t\t\t\t<a class=\"overlay\" href=\"https:\/\/nokautedigital.com.br\/site\/portfolio\/apex-institucional-londres\/\"><\/a>\t\t\t\t\t\t\t\t<div class=\"portfolio-info-inner\">\r\n\t\t\t\t\t\t\t\t\t<h5><a href=\"https:\/\/nokautedigital.com.br\/site\/portfolio\/apex-institucional-londres\/\">APEX &#8211; Institucional Londres<\/a><\/h5>\r\n\t\t\t\t\t\t\t\t\t<p class=\"portfolio-cates\"><a href=\"https:\/\/nokautedigital.com.br\/site\/portfolio-category\/banners\/\">Banners HTML<\/a><span>\/<\/span><\/p> \r\n\t\t\t\t\t\t\t\t<\/div>\r\n\t\t\t\t\t\t\t<\/div>\r\n\t\t\t\t\t\t<\/div>\r\n\t\t\t\t\t<\/div>\r\n\r\n\t            \r\n\t            \t<div class=\"project-item category-14 \">\r\n\t\t\t\t\t\t<div class=\"projects-box\">\r\n\t\t\t\t\t\t\t<div class=\"projects-thumbnail\">\r\n\t\t\t\t\t\t\t\t<a href=\"https:\/\/nokautedigital.com.br\/site\/portfolio\/secom-rodovida-copy\/\">\r\n\t\t\t\t\t\t\t\t\t<img loading=\"lazy\" decoding=\"async\" width=\"600\" height=\"600\" src=\"https:\/\/nokautedigital.com.br\/site\/wp-content\/uploads\/2023\/04\/12-capa-brb.jpg\" class=\"attachment-engitech-portfolio-thumbnail-grid size-engitech-portfolio-thumbnail-grid wp-post-image\" alt=\"\" srcset=\"https:\/\/nokautedigital.com.br\/site\/wp-content\/uploads\/2023\/04\/12-capa-brb.jpg 600w, https:\/\/nokautedigital.com.br\/site\/wp-content\/uploads\/2023\/04\/12-capa-brb-300x300.jpg 300w, https:\/\/nokautedigital.com.br\/site\/wp-content\/uploads\/2023\/04\/12-capa-brb-150x150.jpg 150w\" sizes=\"(max-width: 600px) 100vw, 600px\" \/>\t\t\t\t\t\t\t\t<\/a>\r\n\t\t\t\t\t\t\t<\/div>\r\n\t\t\t\t\t\t\t<div class=\"portfolio-info \">\r\n\t\t\t\t\t\t\t\t<a class=\"overlay\" href=\"https:\/\/nokautedigital.com.br\/site\/portfolio\/secom-rodovida-copy\/\"><\/a>\t\t\t\t\t\t\t\t<div class=\"portfolio-info-inner\">\r\n\t\t\t\t\t\t\t\t\t<h5><a href=\"https:\/\/nokautedigital.com.br\/site\/portfolio\/secom-rodovida-copy\/\">BRB &#8211; Na\u00e7\u00e3o BRB FLA<\/a><\/h5>\r\n\t\t\t\t\t\t\t\t\t<p class=\"portfolio-cates\"><a href=\"https:\/\/nokautedigital.com.br\/site\/portfolio-category\/banners\/\">Banners HTML<\/a><span>\/<\/span><\/p> \r\n\t\t\t\t\t\t\t\t<\/div>\r\n\t\t\t\t\t\t\t<\/div>\r\n\t\t\t\t\t\t<\/div>\r\n\t\t\t\t\t<\/div>\r\n\r\n\t            \t        <\/div>\r\n\t    <\/div>\r\n\r\n\t    \t\t<\/div>\n\t\t\t\t<\/div>\n\t\t\t\t<\/div>\n\t\t\t\t<\/div>\n\t\t\t\t<\/div>\n\t\t","protected":false},"excerpt":{"rendered":"<p>Experi\u00eancia\u00a0 Portf\u00f3lio Confira aqui todos os projetos de comunica\u00e7\u00e3o promocional e institucional, realizados com nossos clientes.Nosso diferencial? Fazer com que sua marca seja lembrada! Todos os Projetos Banners HTML Est\u00e1ticos Motion Minist\u00e9rio da Sa\u00fade &#8211; Cuida Brasil 2022 Banners HTML\/ APEX &#8211; 25 anos Banners HTML\/ Minist\u00e9rio da Sa\u00fade &#8211; Combate ao Mosquito Banners HTML\/ [&hellip;]<\/p>\n","protected":false},"author":1,"featured_media":0,"parent":0,"menu_order":0,"comment_status":"closed","ping_status":"closed","template":"","meta":{"footnotes":""},"class_list":["post-2441","page","type-page","status-publish","hentry"],"yoast_head":"<!-- This site is optimized with the Yoast SEO plugin v22.7 - https:\/\/yoast.com\/wordpress\/plugins\/seo\/ -->\n<title>Portf\u00f3lio - Nokaute Digital<\/title>\n<meta name=\"robots\" content=\"index, follow, max-snippet:-1, max-image-preview:large, max-video-preview:-1\" \/>\n<link rel=\"canonical\" href=\"https:\/\/nokautedigital.com.br\/site\/portfolio-full-width\/\" \/>\n<meta property=\"og:locale\" content=\"pt_BR\" \/>\n<meta property=\"og:type\" content=\"article\" \/>\n<meta property=\"og:title\" content=\"Portf\u00f3lio - Nokaute Digital\" \/>\n<meta property=\"og:description\" content=\"Experi\u00eancia\u00a0 Portf\u00f3lio Confira aqui todos os projetos de comunica\u00e7\u00e3o promocional e institucional, realizados com nossos clientes.Nosso diferencial? Fazer com que sua marca seja lembrada! Todos os Projetos Banners HTML Est\u00e1ticos Motion Minist\u00e9rio da Sa\u00fade &#8211; Cuida Brasil 2022 Banners HTML\/ APEX &#8211; 25 anos Banners HTML\/ Minist\u00e9rio da Sa\u00fade &#8211; Combate ao Mosquito Banners HTML\/ [&hellip;]\" \/>\n<meta property=\"og:url\" content=\"https:\/\/nokautedigital.com.br\/site\/portfolio-full-width\/\" \/>\n<meta property=\"og:site_name\" content=\"Nokaute Digital\" \/>\n<meta property=\"article:modified_time\" content=\"2023-04-05T17:57:21+00:00\" \/>\n<meta property=\"og:image\" content=\"https:\/\/nokautedigital.com.br\/site\/wp-content\/uploads\/2023\/04\/17-capa-min-saude.jpg\" \/>\n<meta name=\"twitter:card\" content=\"summary_large_image\" \/>\n<meta name=\"twitter:label1\" content=\"Est. tempo de leitura\" \/>\n\t<meta name=\"twitter:data1\" content=\"5 minutos\" \/>\n<script type=\"application\/ld+json\" class=\"yoast-schema-graph\">{\"@context\":\"https:\/\/schema.org\",\"@graph\":[{\"@type\":\"WebPage\",\"@id\":\"https:\/\/nokautedigital.com.br\/site\/portfolio-full-width\/\",\"url\":\"https:\/\/nokautedigital.com.br\/site\/portfolio-full-width\/\",\"name\":\"Portf\u00f3lio - Nokaute Digital\",\"isPartOf\":{\"@id\":\"https:\/\/nokautedigital.com.br\/site\/#website\"},\"primaryImageOfPage\":{\"@id\":\"https:\/\/nokautedigital.com.br\/site\/portfolio-full-width\/#primaryimage\"},\"image\":{\"@id\":\"https:\/\/nokautedigital.com.br\/site\/portfolio-full-width\/#primaryimage\"},\"thumbnailUrl\":\"https:\/\/nokautedigital.com.br\/site\/wp-content\/uploads\/2023\/04\/17-capa-min-saude.jpg\",\"datePublished\":\"2020-03-06T10:03:03+00:00\",\"dateModified\":\"2023-04-05T17:57:21+00:00\",\"breadcrumb\":{\"@id\":\"https:\/\/nokautedigital.com.br\/site\/portfolio-full-width\/#breadcrumb\"},\"inLanguage\":\"pt-BR\",\"potentialAction\":[{\"@type\":\"ReadAction\",\"target\":[\"https:\/\/nokautedigital.com.br\/site\/portfolio-full-width\/\"]}]},{\"@type\":\"ImageObject\",\"inLanguage\":\"pt-BR\",\"@id\":\"https:\/\/nokautedigital.com.br\/site\/portfolio-full-width\/#primaryimage\",\"url\":\"https:\/\/nokautedigital.com.br\/site\/wp-content\/uploads\/2023\/04\/17-capa-min-saude.jpg\",\"contentUrl\":\"https:\/\/nokautedigital.com.br\/site\/wp-content\/uploads\/2023\/04\/17-capa-min-saude.jpg\",\"width\":600,\"height\":600},{\"@type\":\"BreadcrumbList\",\"@id\":\"https:\/\/nokautedigital.com.br\/site\/portfolio-full-width\/#breadcrumb\",\"itemListElement\":[{\"@type\":\"ListItem\",\"position\":1,\"name\":\"Home\",\"item\":\"https:\/\/nokautedigital.com.br\/site\/\"},{\"@type\":\"ListItem\",\"position\":2,\"name\":\"Portf\u00f3lio\"}]},{\"@type\":\"WebSite\",\"@id\":\"https:\/\/nokautedigital.com.br\/site\/#website\",\"url\":\"https:\/\/nokautedigital.com.br\/site\/\",\"name\":\"Nokaute Digital\",\"description\":\"Nokaute Digital\",\"potentialAction\":[{\"@type\":\"SearchAction\",\"target\":{\"@type\":\"EntryPoint\",\"urlTemplate\":\"https:\/\/nokautedigital.com.br\/site\/?s={search_term_string}\"},\"query-input\":\"required name=search_term_string\"}],\"inLanguage\":\"pt-BR\"}]}<\/script>\n<!-- \/ Yoast SEO plugin. -->","yoast_head_json":{"title":"Portf\u00f3lio - Nokaute Digital","robots":{"index":"index","follow":"follow","max-snippet":"max-snippet:-1","max-image-preview":"max-image-preview:large","max-video-preview":"max-video-preview:-1"},"canonical":"https:\/\/nokautedigital.com.br\/site\/portfolio-full-width\/","og_locale":"pt_BR","og_type":"article","og_title":"Portf\u00f3lio - Nokaute Digital","og_description":"Experi\u00eancia\u00a0 Portf\u00f3lio Confira aqui todos os projetos de comunica\u00e7\u00e3o promocional e institucional, realizados com nossos clientes.Nosso diferencial? Fazer com que sua marca seja lembrada! Todos os Projetos Banners HTML Est\u00e1ticos Motion Minist\u00e9rio da Sa\u00fade &#8211; Cuida Brasil 2022 Banners HTML\/ APEX &#8211; 25 anos Banners HTML\/ Minist\u00e9rio da Sa\u00fade &#8211; Combate ao Mosquito Banners HTML\/ [&hellip;]","og_url":"https:\/\/nokautedigital.com.br\/site\/portfolio-full-width\/","og_site_name":"Nokaute Digital","article_modified_time":"2023-04-05T17:57:21+00:00","og_image":[{"url":"https:\/\/nokautedigital.com.br\/site\/wp-content\/uploads\/2023\/04\/17-capa-min-saude.jpg"}],"twitter_card":"summary_large_image","twitter_misc":{"Est. tempo de leitura":"5 minutos"},"schema":{"@context":"https:\/\/schema.org","@graph":[{"@type":"WebPage","@id":"https:\/\/nokautedigital.com.br\/site\/portfolio-full-width\/","url":"https:\/\/nokautedigital.com.br\/site\/portfolio-full-width\/","name":"Portf\u00f3lio - Nokaute Digital","isPartOf":{"@id":"https:\/\/nokautedigital.com.br\/site\/#website"},"primaryImageOfPage":{"@id":"https:\/\/nokautedigital.com.br\/site\/portfolio-full-width\/#primaryimage"},"image":{"@id":"https:\/\/nokautedigital.com.br\/site\/portfolio-full-width\/#primaryimage"},"thumbnailUrl":"https:\/\/nokautedigital.com.br\/site\/wp-content\/uploads\/2023\/04\/17-capa-min-saude.jpg","datePublished":"2020-03-06T10:03:03+00:00","dateModified":"2023-04-05T17:57:21+00:00","breadcrumb":{"@id":"https:\/\/nokautedigital.com.br\/site\/portfolio-full-width\/#breadcrumb"},"inLanguage":"pt-BR","potentialAction":[{"@type":"ReadAction","target":["https:\/\/nokautedigital.com.br\/site\/portfolio-full-width\/"]}]},{"@type":"ImageObject","inLanguage":"pt-BR","@id":"https:\/\/nokautedigital.com.br\/site\/portfolio-full-width\/#primaryimage","url":"https:\/\/nokautedigital.com.br\/site\/wp-content\/uploads\/2023\/04\/17-capa-min-saude.jpg","contentUrl":"https:\/\/nokautedigital.com.br\/site\/wp-content\/uploads\/2023\/04\/17-capa-min-saude.jpg","width":600,"height":600},{"@type":"BreadcrumbList","@id":"https:\/\/nokautedigital.com.br\/site\/portfolio-full-width\/#breadcrumb","itemListElement":[{"@type":"ListItem","position":1,"name":"Home","item":"https:\/\/nokautedigital.com.br\/site\/"},{"@type":"ListItem","position":2,"name":"Portf\u00f3lio"}]},{"@type":"WebSite","@id":"https:\/\/nokautedigital.com.br\/site\/#website","url":"https:\/\/nokautedigital.com.br\/site\/","name":"Nokaute Digital","description":"Nokaute Digital","potentialAction":[{"@type":"SearchAction","target":{"@type":"EntryPoint","urlTemplate":"https:\/\/nokautedigital.com.br\/site\/?s={search_term_string}"},"query-input":"required name=search_term_string"}],"inLanguage":"pt-BR"}]}},"_links":{"self":[{"href":"https:\/\/nokautedigital.com.br\/site\/wp-json\/wp\/v2\/pages\/2441","targetHints":{"allow":["GET"]}}],"collection":[{"href":"https:\/\/nokautedigital.com.br\/site\/wp-json\/wp\/v2\/pages"}],"about":[{"href":"https:\/\/nokautedigital.com.br\/site\/wp-json\/wp\/v2\/types\/page"}],"author":[{"embeddable":true,"href":"https:\/\/nokautedigital.com.br\/site\/wp-json\/wp\/v2\/users\/1"}],"replies":[{"embeddable":true,"href":"https:\/\/nokautedigital.com.br\/site\/wp-json\/wp\/v2\/comments?post=2441"}],"version-history":[{"count":13,"href":"https:\/\/nokautedigital.com.br\/site\/wp-json\/wp\/v2\/pages\/2441\/revisions"}],"predecessor-version":[{"id":5850,"href":"https:\/\/nokautedigital.com.br\/site\/wp-json\/wp\/v2\/pages\/2441\/revisions\/5850"}],"wp:attachment":[{"href":"https:\/\/nokautedigital.com.br\/site\/wp-json\/wp\/v2\/media?parent=2441"}],"curies":[{"name":"wp","href":"https:\/\/api.w.org\/{rel}","templated":true}]}}